{"id":226753,"date":"2023-05-02T07:03:28","date_gmt":"2023-05-02T04:03:28","guid":{"rendered":"https:\/\/crystalralaksmi.com\/eesti\/?post_type=product&#038;p=226753"},"modified":"2023-06-03T00:02:11","modified_gmt":"2023-06-02T21:02:11","slug":"kaua-uue-aja-energiate-kaasajastuse-seanss","status":"publish","type":"product","link":"https:\/\/crystalralaksmi.com\/eesti\/product\/kaua-uue-aja-energiate-kaasajastuse-seanss\/","title":{"rendered":"KAUA &#8211; Uue Aja Energiate Kaasajastuse seanss"},"content":{"rendered":"<p>Antud seanss kestab 2 tundi ja seda saab ka teha online teel. Selle seansi ajal liigub inimene Uue Aja Energiate Operatiivs\u00fcsteemi.<\/p>\n<p>See puhastab vana, ehitab \u00fclesse uue operatiivs\u00fcsteemi ja aitab kliendil sinna sisse kolida.<\/p>\n<p>Seansi ajal k\u00e4iakse l\u00e4bi ka teisi elemente vastavalt nii nagu Uue Aja Energiad seda juhatavad.<\/p>\n<p>Seansi j\u00e4rgselt on inimene palju paremas \u00fchenduses oma Vaimu tee ja s\u00fcdame teega ning tema intuitsioon v\u00f5imendub, ta kogu elu ja loomine mutuub kordi v\u00f5imsamaks, kiiremaks ja v\u00e4ekamaks.<\/p>\n<p>Kui sa soovid lisainfot &#8211; anna teada ja saan saata lisa tutvustusvideo.<\/p>\n<p>Seansi pikkus on 2 tundi. Seda saab teha nii personaalse kohaloluga kui ka online teel. Online seanss lindistatakse. Soovi korral saab klient selle ka p\u00e4rast oma arhiivi.<\/p>\n<p>Seansi uus tavahind on 550 eurot aga praegu kehtib erihind 400 eurot. Imelise muutumiseni!<\/p>\n<p>Lisak\u00fcsimused saada crystalralaksmi@gmail.com aadressile.<\/p>\n<span class=\"et_bloom_bottom_trigger\"><\/span>","protected":false},"excerpt":{"rendered":"<p>Antud seanss kestab 2 tundi ja seda saab ka teha online teel. Selle seansi ajal liigub inimene Uue Aja Energiate Operatiivs\u00fcsteemi. See puhastab vana, ehitab \u00fclesse uue operatiivs\u00fcsteemi ja aitab [&hellip;]<\/p>\n","protected":false},"featured_media":226748,"comment_status":"open","ping_status":"closed","template":"","meta":{"_acf_changed":false,"_et_pb_use_builder":"","_et_pb_old_content":"","_et_gb_content_width":""},"product_cat":[1352],"product_tag":[],"class_list":{"0":"post-226753","1":"product","2":"type-product","3":"status-publish","4":"has-post-thumbnail","6":"product_cat-montonio","8":"first","9":"instock","10":"shipping-taxable","11":"purchasable","12":"product-type-simple"},"acf":[],"_links":{"self":[{"href":"https:\/\/crystalralaksmi.com\/eesti\/wp-json\/wp\/v2\/product\/226753","targetHints":{"allow":["GET"]}}],"collection":[{"href":"https:\/\/crystalralaksmi.com\/eesti\/wp-json\/wp\/v2\/product"}],"about":[{"href":"https:\/\/crystalralaksmi.com\/eesti\/wp-json\/wp\/v2\/types\/product"}],"replies":[{"embeddable":true,"href":"https:\/\/crystalralaksmi.com\/eesti\/wp-json\/wp\/v2\/comments?post=226753"}],"wp:featuredmedia":[{"embeddable":true,"href":"https:\/\/crystalralaksmi.com\/eesti\/wp-json\/wp\/v2\/media\/226748"}],"wp:attachment":[{"href":"https:\/\/crystalralaksmi.com\/eesti\/wp-json\/wp\/v2\/media?parent=226753"}],"wp:term":[{"taxonomy":"product_cat","embeddable":true,"href":"https:\/\/crystalralaksmi.com\/eesti\/wp-json\/wp\/v2\/product_cat?post=226753"},{"taxonomy":"product_tag","embeddable":true,"href":"https:\/\/crystalralaksmi.com\/eesti\/wp-json\/wp\/v2\/product_tag?post=226753"}],"curies":[{"name":"wp","href":"https:\/\/api.w.org\/{rel}","templated":true}]}}