{"id":226761,"date":"2023-09-10T22:11:39","date_gmt":"2023-09-10T19:11:39","guid":{"rendered":"https:\/\/crystalralaksmi.com\/eesti\/?post_type=product&#038;p=226761"},"modified":"2023-09-10T23:00:58","modified_gmt":"2023-09-10T20:00:58","slug":"wildfit-90-programmi-tutvustava-kone-tasuta-pilet","status":"publish","type":"product","link":"https:\/\/crystalralaksmi.com\/eesti\/product\/wildfit-90-programmi-tutvustava-kone-tasuta-pilet\/","title":{"rendered":"WILDFIT 90 programmi Tutvustava K\u00f5ne tasuta pilet"},"content":{"rendered":"<p>Aloha!<\/p>\n<p>T\u00e4ida \u00e4ra oma ankeet (vajutades &#8211; osta pilet). Kuna seej\u00e4rel saad oma emaili s\u00fcndmuse zoomi k\u00f5ne lingi.<\/p>\n<div class=\"x11i5rnm xat24cr x1mh8g0r x1vvkbs xdj266r\">Sellel k\u00f5nel saad kerge \u00fclevaate mida endast kujutab <b>WILDFIT 90 programm. Kas ja kuidas see on \u00fclesse ehitatud ja mida selle jooksul teeme ja mis on sinu v\u00f5imalikud kogemused. Loomulikult on k\u00f5igi kogemused v\u00e4ga erinevad.\u00a0<\/b><\/div>\n<div><\/div>\n<div class=\"x11i5rnm xat24cr x1mh8g0r x1vvkbs xtlvy1s\">WF 90 programm on 13 n\u00e4dalat pikk ja sa saad sellega kaasa originaalvideod Eric Edmeadsilt (inglise keeles) ja palju online coachimise kohtumisi Crystal Ra-ga. Lisanduvad ka eestikeelsed videod Crystal Ra nippidega. Lisandub ka m\u00f5nus ja lahe privaatne FB grupp kui on olemas v\u00e4hemalt 5 v\u00f5i rohkem osalejat.<\/div>\n<div><\/div>\n<div class=\"x11i5rnm xat24cr x1mh8g0r x1vvkbs xtlvy1s\">Programm on toiduvabaduse programm mille looja Eric Edmeads on selle kokku pannud v\u00e4ga p\u00f5nevalt. Iga n\u00e4dala alguses saavad osalejad j\u00e4rgmise n\u00e4dala juhised. Tegu on v\u00e4ga s\u00fcgava s\u00fcgavpuhastava programmiga millel on potentsiaali teha totaalne keha, meele ja vaimu s\u00fcgavpuhastus (ainult siis kui j\u00e4rgid programmi juhised). Lisaks on sel potensiaali muuta su suhet toiduga ja s\u00f6\u00f6misega. Kui sa lood sellest programmi l\u00f5ppedes oma uue elustiili &#8211; siis on sul v\u00f5imalus ka muuta k\u00f5ike muud oma elus &#8211; nii suhteid, seksuaalust, tervist \u00fcldisemalt, elu missiooni kui ka k\u00fcllust.<\/div>\n<div><\/div>\n<div class=\"x11i5rnm xat24cr x1mh8g0r x1vvkbs xtlvy1s\">Kuna Crystal Ra on seda programmi juhatanud p\u00e4ris palju kordi &#8211; on ta aja jooksul programmi lisanud oma holistilise coachi nippe. Seega see ei saa olema vaid kuiv programmi l\u00e4bik\u00e4imine. See saab olema s\u00fcgav eneseavastuse sukeldus. Kui sa seda nii valid.<\/div>\n<div class=\"x11i5rnm xat24cr x1mh8g0r x1vvkbs xtlvy1s\">Kui programmi registreerub v\u00e4hemalt 10 osalejat alustame programmiga 2 oktoobril 2023. K\u00f5ned toimuvad zoomis ja neid saab ka alati j\u00e4rele vaadata.<\/div>\n<div class=\"x11i5rnm xat24cr x1mh8g0r x1vvkbs xtlvy1s\"><\/div>\n<div class=\"x11i5rnm xat24cr x1mh8g0r x1vvkbs xtlvy1s\">Lisainfo saad k\u00fcsida crystalralaksmi@gmail.com<\/div>\n<p><strong>S\u00fcndmuse info on ka \u00fcleval FBs<\/strong> <a href=\"https:\/\/www.facebook.com\/events\/835897474657376\">siin:\u00a0\u00a0<\/a><\/p>\n<p>Veelkord t\u00e4psustan \u00fcle registreerimise protsessi:<\/p>\n<p><strong>Et ennast registreerida &#8211; t\u00e4ida \u00e4ra oma info selle s\u00fcndmuse tasuta pileti registreerimiseks. <\/strong><\/p>\n<p><strong>Seej\u00e4rel saad automaatselt zoomi k\u00f5ne lingi oma emaili.<\/strong><\/p>\n<p>Kui sa ei tea kas see on ikkagi midagi sulle &#8211; ole hea ja kaalu iseseisvalt l\u00e4bi teha <strong>Tervise Taask\u00e4ivituse<\/strong> programm &#8211; mille saad osta <a href=\"https:\/\/crystalralaksmi.com\/eesti\/product\/tervise-taaskaivituse-valjakutse-2\/\">siit:<\/a><\/p>\n<p>See annab sulle v\u00e4ikese \u00fclevaate kuidas see programm v\u00f5ib sulle m\u00f5juda ja ka natuke kogemusi. Juba viie p\u00e4evaga v\u00f5ib su elu ja tervis k\u00f5vasti paraneda.<\/p>\n<p>Imelise kohtumiseni!<\/p>\n<p>&nbsp;<\/p>\n<span class=\"et_bloom_bottom_trigger\"><\/span>","protected":false},"excerpt":{"rendered":"<p>Imeline v\u00f5imalus saada \u00fclevaade WF 90 programmist. S\u00fcndmusel osaluseks on sul vaja \u00e4ra t\u00e4ita osaluse ankeet. Kohe kui selle \u00e4ra teed saad emailile ka zoomi lingi.<\/p>\n","protected":false},"featured_media":226762,"comment_status":"open","ping_status":"closed","template":"","meta":{"_acf_changed":false,"_et_pb_use_builder":"","_et_pb_old_content":"","_et_gb_content_width":""},"product_cat":[1014],"product_tag":[],"class_list":{"0":"post-226761","1":"product","2":"type-product","3":"status-publish","4":"has-post-thumbnail","6":"product_cat-uncategorized","8":"first","9":"instock","10":"shipping-taxable","11":"purchasable","12":"product-type-simple"},"acf":[],"_links":{"self":[{"href":"https:\/\/crystalralaksmi.com\/eesti\/wp-json\/wp\/v2\/product\/226761","targetHints":{"allow":["GET"]}}],"collection":[{"href":"https:\/\/crystalralaksmi.com\/eesti\/wp-json\/wp\/v2\/product"}],"about":[{"href":"https:\/\/crystalralaksmi.com\/eesti\/wp-json\/wp\/v2\/types\/product"}],"replies":[{"embeddable":true,"href":"https:\/\/crystalralaksmi.com\/eesti\/wp-json\/wp\/v2\/comments?post=226761"}],"wp:featuredmedia":[{"embeddable":true,"href":"https:\/\/crystalralaksmi.com\/eesti\/wp-json\/wp\/v2\/media\/226762"}],"wp:attachment":[{"href":"https:\/\/crystalralaksmi.com\/eesti\/wp-json\/wp\/v2\/media?parent=226761"}],"wp:term":[{"taxonomy":"product_cat","embeddable":true,"href":"https:\/\/crystalralaksmi.com\/eesti\/wp-json\/wp\/v2\/product_cat?post=226761"},{"taxonomy":"product_tag","embeddable":true,"href":"https:\/\/crystalralaksmi.com\/eesti\/wp-json\/wp\/v2\/product_tag?post=226761"}],"curies":[{"name":"wp","href":"https:\/\/api.w.org\/{rel}","templated":true}]}}