{"id":226769,"date":"2023-10-31T05:18:19","date_gmt":"2023-10-31T03:18:19","guid":{"rendered":"https:\/\/crystalralaksmi.com\/eesti\/?post_type=product&#038;p=226769"},"modified":"2024-01-09T23:13:01","modified_gmt":"2024-01-09T21:13:01","slug":"tagasi-tervisesse-sugispuhastus-2023","status":"publish","type":"product","link":"https:\/\/crystalralaksmi.com\/eesti\/product\/tagasi-tervisesse-sugispuhastus-2023\/","title":{"rendered":"Tagasi Tervisesse S\u00fcgavpuhastus"},"content":{"rendered":"<p><strong>See imeline S\u00fcgavpuhastus<\/strong> on eelk\u00f5ige neile kes on juba l\u00e4binud WILDFIT 90 programmi koos Crystal Raga. Enne kui toote ostad &#8211; loe l\u00e4bi detailine info kellele mis hinnaga antud toode kehtib.<\/p>\n<p>Kui sa ei ole programmi l\u00e4binud koos Crystal Ra-ga aga oled seda teinud kellegi teisega ja sooviksid teha l\u00e4bi s\u00fcgavama S\u00fcgavpuhastuse tema juhendamisel\u00a0 v\u00f5ta Crystaliga \u00fchendust (crystalralaksmi@gmail.com) aadressiga. Registreerimine on avatud kuni 8nda jaanuarini 2024.<\/p>\n<p><strong>See on holistiline S\u00fcgavpuhastus.<\/strong> Igal osalejal on v\u00f5imalus valida t\u00e4iesti oma kava &#8211; aga baaskava k\u00f5igile osalejatele on j\u00e4rgnev:<\/p>\n<p class=\"p1\">Jaanuaris v\u00f5tan ette <b>Tagasi Tervisesse S\u00fcgavpuhastuse Seikluse\u00a0<\/b>juhtimise 8.jaanuarist kuni 12. veebruarini 2024. Ideaalis v\u00f5tan vastu sinna inimesed, kes\u00a0 juba on l\u00e4binud WILDFITi &#8211; aga kui on keegi, kes on tervisega juba \u00fcsna sina peal ja soovib lihtsalt s\u00fcgavamale minna, siis v\u00f5in kaaluda ka teiste huviliste vastuv\u00f5tmist.<\/p>\n<p class=\"p1\">Programm saab olema 5 n\u00e4dalat. \u00dcks grupicoachingu k\u00f5ne minuga n\u00e4dalas. Iga n\u00e4dal saavad olema erinevad fookuspunktid. N\u00e4dala l\u00f5pus saadavad osalejad mulle ka kirjaliku kokkuv\u00f5tte oma taipamistest ja seiklusest enne j\u00e4rgmist k\u00f5ne.<\/p>\n<p class=\"p1\"><b>Seikluse sisu:<\/b><\/p>\n<ul class=\"ul1\">\n<li class=\"li1\">See on holistiline s\u00fcgavsukeldus iseenda Keha, Meele ja Vaimu s\u00fcgavpuhastusse.<\/li>\n<li class=\"li1\">Kui sa tunned et oleks vaja natuke s\u00fcgavamalt endaga tegeleda mitte ainult keha tasandil aga ka muudel tasanditel &#8211; siis on see\u00a0 s\u00fcgavpuhastus just sulle!<\/li>\n<li class=\"li1\">See v\u00e4ike viien\u00e4dalane seiklus sisaldab endas nii p\u00f5nevust, avastusi, kui ka taipamisi mis v\u00f5ib sind vabastada nii m\u00f5nestki probleemist tulevikus.<\/li>\n<li class=\"li1\">Kaardistame kus ja kas su tervis vajab holistilist tuge. Sa saad kaardi mida j\u00e4lgides saad m\u00f5tteid ja ideid kuidas oma elu paremaks teha kui sa seda soovid. Ja siis on hetk vastutuse k\u00e4es &#8211; enesevastutuse k\u00e4es &#8211; minu pakutud versioonidest valida omale sobiv s\u00fcgavsukeldumine.<\/li>\n<li class=\"li1\">Seej\u00e4rel selgitame v\u00e4lja kas ja mida sa soovid muuta. Sul on v\u00f5imalus ise valida oma graafik ja teekond &#8211; mina soovitan sulle vastavalt su eesm\u00e4rgist l\u00e4htuvalt mida v\u00f5iksid teha.<\/li>\n<li class=\"li1\">Vaatame ka s\u00fcgavamalt oma KEHA. Vaatame \u00fcle kas ja mis vastupanu on tekkinud. Kui sa pole veel teinud l\u00e4bi sabot\u00f6\u00f6ride testi &#8211; on sul v\u00f5imalus see teha ja neid j\u00e4rgneval n\u00e4dalal paremini t\u00e4hele panna. Jagan ka oma nippe kas ja kuidas nendega tegeleda ja kuidas nende d\u00fcnaamikat muuta. Jagan ka \u00fcht suurt viimase aja avastust seoses sabot\u00f6\u00f6ridega. Mis roll on neil kogu meie \u00f5nne suhtes?<\/li>\n<li class=\"li1\">Seej\u00e4rel j\u00e4lgime ka MEELT. Siin saate k\u00f5ik ka j\u00e4lgida oma harjumusi. Programmiga kaasneb ka minikoolitus harjumuste kohta. Kui sa pole seda varem n\u00e4inud on sul v\u00f5imalus see uuesti l\u00e4bi kuulata ja teha. Harjumused on meie elu vundament. Eriti kui soovid midagi suuremat saavutada.<\/li>\n<li class=\"li1\">Vaatame \u00fcle k\u00f5ik kuhu oled omadega j\u00f5udnud ja kas ja kuidas tunneb ennast sinu sisemaailm. Fookuses on VAIM &#8211; ja sinu Sisemise Pere Arhet\u00fc\u00fcbid. Saame l\u00e4bi vaadata k\u00f5ik Sisemise Pere arhet\u00fc\u00fcbid ja kas ning kuidas neid toetada sel teekonnal. Samuti \u00fchendume ka natuke sinu uue identiteediga.<\/li>\n<li class=\"li1\">Vaatame kuidas ja mida saavutasime &#8211; kas ja mida oleks vaja veel fookusesse v\u00f5tta. Mis nippidega saime hakkama, mis vajab veel treenimist. Kuidas oli lugu harjumustega? Kas ja mis olid suurimad taipamised?<\/li>\n<\/ul>\n<p class=\"p1\">Programmiga kaasnevad k\u00f5ikide k\u00f5nede lindistused ja minu tagasiside teile videok\u00f5ne ajal kui oled saatnud sisse oma kirjaliku \u00fclevaate n\u00e4dalast. Iga kirjat\u00f6\u00f6 tuleb saata hiljemalt 1 p\u00e4ev enne k\u00f5ne kell 18 eesti aeg kui soovid minu peegeldust.<\/p>\n<p class=\"p1\"><b>BOONUSED:<\/b><\/p>\n<ul class=\"ul1\">\n<li class=\"li1\"><b>Sisemise Pere Arhet\u00fc\u00fcpide meditatsioon<\/b><\/li>\n<li class=\"li1\"><b>Kaalulangetuse h\u00fcpnoosi meditatsioon<\/b><\/li>\n<li class=\"li1\"><b>Sabot\u00f6\u00f6ride test<\/b><\/li>\n<li class=\"li1\"><b>Harjumuste kaardistamise tabelid + minikoolituse video<\/b><\/li>\n<li class=\"li3\"><span class=\"s3\"><b>Kvanttervise kiirk\u00e4ivitus:\u00a0<\/b><a href=\"https:\/\/crystalralaksmi.com\/eesti\/product\/kvanttervisekiirkaivitus\/?fbclid=IwAR1ypvdFh1MxzY_mfe7NhNzd_K81J43v_KAX7qGaHIy9onPnU_YEc4DnIlw\"><b>https:\/\/crystalralaksmi.com\/&#8230;\/kvanttervisekiirkaivitus\/<\/b><\/a><\/span><\/li>\n<\/ul>\n<p class=\"p1\">Kuigi tegu on vaid 5-ndalase programmiga v\u00f5id peale seda tunda nagu oleksid olnud 5-kuisel seiklusel. Nagu ikka saame selle aja jooksul l\u00e4bi riisuda palju mis on kuskile kinni j\u00e4\u00e4nud.<\/p>\n<p class=\"p1\"><b>Programmi maksumus on 200 eurot kui oled minu personaalse Elustiili Klubi liige. Kui sa pole Elustiili Klubi liige siis on programmi hind 250 eurot.<\/b><\/p>\n<p class=\"p1\">Kodulehel tuleb ka kolme makse v\u00f5imalus (vastavalt 3&#215;66 v\u00f5i 3&#215;83).<\/p>\n<p class=\"p1\">Kui sa oled sellest programmist huvitatud &#8211; vaata <a href=\"https:\/\/youtu.be\/psFZpFscmtA\">siin v\u00e4ikest tutvustavat videot<\/a> ja kuidas n\u00e4eb v\u00e4lja meie Elustiili Klubi kuuma tooli kohtumine.<\/p>\n<p class=\"p1\">Minu kogemus on n\u00e4idanud et aastas v\u00f5iks teha kaks sellist s\u00fcgavamat puhastust. See on alati hea teha s\u00fcgavamalt kuna ainult keha puhastus ei ole sageli piisav. On hea k\u00f5igele l\u00e4heneda holistiliselt.<\/p>\n<p class=\"p1\">Lisaboonusena on grupicoaching mis alati lisab v\u00e4\u00e4rtust ja lisaks ka m\u00f5nus v\u00f5imalus tegeleda enesevaatlusega igan\u00e4dalaste kirjat\u00f6\u00f6dega.<\/p>\n<p class=\"p1\">Kui sa oled huvitatud sellest programmist &#8211; siis registreeri ennast hiljemalt 31seks detsembriks. Makse v\u00f5iks olla tehtud hiljemalt 6ndaks jaanuariks 2024.<\/p>\n<p class=\"p1\">Registreerumine on tehtud kui ostad siit lehelt selle toote.<\/p>\n<p class=\"p1\">Grupi k\u00f5ned saavad toimuma igal esmasp\u00e4eval kell 19 eesti aeg. Grupik\u00f5ned on ca 1-1,5 tundi maksimaalselt. Esimene k\u00f5ne on 8ndal jaanuaril ja viimane k\u00f5ne 12ndal veebruaril.<\/p>\n<p class=\"p1\">Imelise Seiklemiseni,<\/p>\n<p class=\"p1\">Crystal Ra<\/p>\n<span class=\"et_bloom_bottom_trigger\"><\/span>","protected":false},"excerpt":{"rendered":"<p>Programm koosneb privaatsest viiest\u00a0 grupicoachingu zoomi k\u00f5nest (1+ tundi), boonustest ja lisainspiratsioonist ja motivatsioonist mida jagame FB grupis.<\/p>\n<p>Imelise kohtumiseni,<\/p>\n<p>Crystal Ra<\/p>\n","protected":false},"featured_media":226840,"comment_status":"open","ping_status":"closed","template":"","meta":{"_acf_changed":false,"_et_pb_use_builder":"","_et_pb_old_content":"","_et_gb_content_width":""},"product_cat":[1352],"product_tag":[],"class_list":{"0":"post-226769","1":"product","2":"type-product","3":"status-publish","4":"has-post-thumbnail","6":"product_cat-montonio","8":"first","9":"instock","10":"virtual","11":"purchasable","12":"product-type-simple"},"acf":[],"_links":{"self":[{"href":"https:\/\/crystalralaksmi.com\/eesti\/wp-json\/wp\/v2\/product\/226769","targetHints":{"allow":["GET"]}}],"collection":[{"href":"https:\/\/crystalralaksmi.com\/eesti\/wp-json\/wp\/v2\/product"}],"about":[{"href":"https:\/\/crystalralaksmi.com\/eesti\/wp-json\/wp\/v2\/types\/product"}],"replies":[{"embeddable":true,"href":"https:\/\/crystalralaksmi.com\/eesti\/wp-json\/wp\/v2\/comments?post=226769"}],"wp:featuredmedia":[{"embeddable":true,"href":"https:\/\/crystalralaksmi.com\/eesti\/wp-json\/wp\/v2\/media\/226840"}],"wp:attachment":[{"href":"https:\/\/crystalralaksmi.com\/eesti\/wp-json\/wp\/v2\/media?parent=226769"}],"wp:term":[{"taxonomy":"product_cat","embeddable":true,"href":"https:\/\/crystalralaksmi.com\/eesti\/wp-json\/wp\/v2\/product_cat?post=226769"},{"taxonomy":"product_tag","embeddable":true,"href":"https:\/\/crystalralaksmi.com\/eesti\/wp-json\/wp\/v2\/product_tag?post=226769"}],"curies":[{"name":"wp","href":"https:\/\/api.w.org\/{rel}","templated":true}]}}