{"id":226816,"date":"2023-11-26T06:30:39","date_gmt":"2023-11-26T04:30:39","guid":{"rendered":"https:\/\/crystalralaksmi.com\/eesti\/?post_type=product&#038;p=226816"},"modified":"2023-12-01T23:12:07","modified_gmt":"2023-12-01T21:12:07","slug":"kaalu-langetamise-hupnoos","status":"publish","type":"product","link":"https:\/\/crystalralaksmi.com\/eesti\/product\/kaalu-langetamise-hupnoos\/","title":{"rendered":"Kaalu Langetamise H\u00fcpnoos"},"content":{"rendered":"<p>Aloha!<\/p>\n<div class=\"x11i5rnm xat24cr x1mh8g0r x1vvkbs xdj266r\">Antud mini toode on v\u00e4ike maitseproov Crystal Ra uuest Holistilisest Tervise programmist kus tegeleme kogu Keha-Meele-Vaimu tervenduse ja \u00fcmber aktiveerimisega.<\/div>\n<div><\/div>\n<div>Esimesed 10 minutit on selgitus ja h\u00fcpnoosiks ettevalmistus ja teine osa mis on 20 minutit on h\u00fcpnoos ise.<\/div>\n<div>Soovitan h\u00fcpnoosi kuulata k\u00f5rvaklappidega ja v\u00f5imalusel kord p\u00e4evas 30 &#8211; 90 p\u00e4eva. On \u00fcsna t\u00f5en\u00e4oline kui paned t\u00f6\u00f6sse mis h\u00fcpnoos soovitab saad ka f\u00fc\u00fcsilises reaalsuses tulemusi.<\/div>\n<div><\/div>\n<div>See Kaalu Langetamise H\u00fcpnoos toimib k\u00f5ige paremini kui v\u00e4ike osa Holistilisest Tervise Seiklusest. Kui sul aga seda pole veel v\u00f5imalik teha &#8211; alusta selle h\u00fcpnoosiga.<\/div>\n<div><\/div>\n<div>Kuna tegu on tasulise tootega &#8211; ole hea ja jaga teistega selle toote linki. See paljundab ka sinu k\u00fcllust. Isegi kui vaid\u00a0 algselt energeetiliselt.<\/div>\n<div><\/div>\n<div>Imelist kuulamist!<\/div>\n<div><\/div>\n<div>Crystal Ra<\/div>\n<div><\/div>\n<div><\/div>\n<div class=\"x11i5rnm xat24cr x1mh8g0r x1vvkbs xtlvy1s\"><\/div>\n<span class=\"et_bloom_bottom_trigger\"><\/span>","protected":false},"excerpt":{"rendered":"<p>Kui sa ostad selle toote siis tuleb sulle toote video link.<\/p>\n<p>Lisainfot saad crystalralaksmi@gmail.com aadressilt.<\/p>\n<p>&nbsp;<\/p>\n","protected":false},"featured_media":226817,"comment_status":"open","ping_status":"closed","template":"","meta":{"_acf_changed":false,"_et_pb_use_builder":"","_et_pb_old_content":"","_et_gb_content_width":""},"product_cat":[1352],"product_tag":[],"class_list":{"0":"post-226816","1":"product","2":"type-product","3":"status-publish","4":"has-post-thumbnail","6":"product_cat-montonio","8":"first","9":"instock","10":"shipping-taxable","11":"purchasable","12":"product-type-simple"},"acf":[],"_links":{"self":[{"href":"https:\/\/crystalralaksmi.com\/eesti\/wp-json\/wp\/v2\/product\/226816","targetHints":{"allow":["GET"]}}],"collection":[{"href":"https:\/\/crystalralaksmi.com\/eesti\/wp-json\/wp\/v2\/product"}],"about":[{"href":"https:\/\/crystalralaksmi.com\/eesti\/wp-json\/wp\/v2\/types\/product"}],"replies":[{"embeddable":true,"href":"https:\/\/crystalralaksmi.com\/eesti\/wp-json\/wp\/v2\/comments?post=226816"}],"wp:featuredmedia":[{"embeddable":true,"href":"https:\/\/crystalralaksmi.com\/eesti\/wp-json\/wp\/v2\/media\/226817"}],"wp:attachment":[{"href":"https:\/\/crystalralaksmi.com\/eesti\/wp-json\/wp\/v2\/media?parent=226816"}],"wp:term":[{"taxonomy":"product_cat","embeddable":true,"href":"https:\/\/crystalralaksmi.com\/eesti\/wp-json\/wp\/v2\/product_cat?post=226816"},{"taxonomy":"product_tag","embeddable":true,"href":"https:\/\/crystalralaksmi.com\/eesti\/wp-json\/wp\/v2\/product_tag?post=226816"}],"curies":[{"name":"wp","href":"https:\/\/api.w.org\/{rel}","templated":true}]}}