{"id":226829,"date":"2023-12-25T20:31:27","date_gmt":"2023-12-25T18:31:27","guid":{"rendered":"https:\/\/crystalralaksmi.com\/eesti\/?post_type=product&#038;p=226829"},"modified":"2024-01-10T23:00:19","modified_gmt":"2024-01-10T21:00:19","slug":"disaini-oma-unistuste-aasta","status":"publish","type":"product","link":"https:\/\/crystalralaksmi.com\/eesti\/product\/disaini-oma-unistuste-aasta\/","title":{"rendered":"Disaini oma Unistuste Aasta!"},"content":{"rendered":"<p>Aloha!<\/p>\n<p>Sellel s\u00fcndmusel on vastav valitud kuup\u00e4ev kuna see annab kokku number 10 kuup\u00e4eva ja kuu numbriga mis on Uue Ajastu jackpoti number. Ja Uue Alguse number. Samas on see ka vanade kokkuv\u00f5tete number. Annan ka aega suur Uue Aasta alguse eufooria l\u00e4bi elada ja teisel n\u00e4dalal juba natuke rohkem maanduda et h\u00e4rjal sarvist haarata. Sedasi saame seda m\u00e4ngutuba kogeda t\u00e4ieliku maandusega.<\/p>\n<p><strong>Kas sul on k\u00f5rini sellest et kui j\u00f5uad aasta l\u00f5ppu pead j\u00e4llegi t\u00f5dema et j\u00e4lle sa pole oma uusaastalubadusi t\u00e4itnud?<\/strong><\/p>\n<p><strong>Sul on miljon vabandust miks sa seda ei teinud. Kas n\u00fc\u00fcd on aeg seda muuta kogu \u00fclej\u00e4\u00e4nud eluks?<\/strong><\/p>\n<p><strong>Ja m\u00f5tle mis siis juhtuks kui see muutuks kogu \u00fclej\u00e4\u00e4nud eluks?\u00a0<\/strong><\/p>\n<p><strong>Kujuta ette et oled 2024 aasta l\u00f5pus ja v\u00f5ibolla esmakordselt oma elus vaatad sellele aastale uhkusega tagasi kuna oled saavutanud, loonud ja disaininud palju k\u00f5ike seda mida sa disainisid iseenda tingimustel? Mis tundeid see tekitaks?\u00a0<\/strong><\/p>\n<p>R\u00e4\u00e4gime selle s\u00fcndmuse ajal ka mis vahe on<strong> &#8220;plaanimisel&#8221;, &#8220;eesm\u00e4rkide p\u00fcstitamisel&#8221;<\/strong> ja ka <strong>disainimisel ja sihtm\u00e4rkidel.<\/strong> Kuna loomise \u00fcks esimesi tasandeid on <strong>S\u00d5NAD<\/strong> &#8211; siis peatume ka sellel teemal natuke pikemalt.<\/p>\n<p>Planeet Maa on liikumas v\u00e4ga tugevasse <strong>Jumaliku Naiselikku Ajastusse<\/strong> ja me ei saa enam teha teatud asju vanal moel. Sel 2024 aastal on Naiselikel Energiatel \u00fctelda v\u00e4ga palju. Seep\u00e4rast ei kutsu ma ka \u00fchtegi oma s\u00fcndmust enam <strong>&#8220;\u00fcrituseks&#8221; ega ka &#8220;t\u00f6\u00f6toaks&#8221;<\/strong>. Meil on aeg \u00fcritamine l\u00f5petada ja hakata looma voolamises ja m\u00e4ngu energias t\u00e4ie vastutusega. See on see kust saame luua lisa kergust ja k\u00fcllust ja ka j\u00e4tkusuutlikult.<\/p>\n<p><strong>Kui sa tunned et vajad oma Uueks Aastaks mitte ainult inspiratsiooni, vaid ka motivatsiooni<\/strong> et midagi uut korda saata, luua v\u00f5i disainida &#8211; siis siin on su v\u00f5imalus.<\/p>\n<ul>\n<li><strong>Mis juhtub siis kui me ei pea motivatsiooniga enam punnitama? <\/strong><\/li>\n<li><strong>Mis on see saladuslik v\u00f5ti elada nii et sa oled pidevalt sisse l\u00fclitatud ja r\u00f5\u00f5mus ning \u00f5nnelik ilma punnitamiseta? <\/strong><\/li>\n<li><strong>Kas see on \u00fcldse v\u00f5imalik?<\/strong><\/li>\n<\/ul>\n<p><strong>Selles m\u00e4ngutoas saad v\u00f5imalusel kogeda (kuna oleme voolamises Sisemise Naise juhatusel siis v\u00f5ib j\u00e4rjekord ja sisu kohal olles natuke muutuda &#8211; ja oleme sellele avatud):\u00a0<\/strong><\/p>\n<ul>\n<li><strong>Uue Aja Numeroloogia soovitusi aastaks 2024 ja kui vaatad seda hiljem kuidas numeroloogiat ise kasutada?<\/strong><\/li>\n<li><strong>Mis element on 2024 aasta element? Mida see t\u00e4hendab?\u00a0<\/strong><\/li>\n<li><strong>Mida \u00fctleb Hiina Horoskoop selle aasta kohta?\u00a0<\/strong><\/li>\n<li><strong>Mis on olulised elemendid oma Unistuste Aasta loomisel?\u00a0<\/strong><\/li>\n<li><strong>Uue Aja Energiate tehnikaid mida loomisel kasutada?\u00a0<\/strong><\/li>\n<li><strong>Kvantumenergia tehnikad. Selle s\u00fcndmuse ajal on ka k\u00e4ivitatud Healy kvantsagedused k\u00f5igile osalejatele.\u00a0<\/strong><\/li>\n<li><strong>K\u00fclluse Ratta k\u00e4ivitus igal aastaajal\u00a0<\/strong><\/li>\n<li><strong>Mis alternatiive saame kasutada visiooni tahvlile? Miks visiooni tahvel vanal kujul tegelikult Uues Ajas ei toimi?\u00a0<\/strong><\/li>\n<li><strong>K\u00fcsimused ja vastused\u00a0<\/strong><\/li>\n<\/ul>\n<p><strong>Kui sa oled selle toote ostnud enne 1. jaanuarit 2024 siis nende seast kes on ostnud valin loosiga v\u00e4lja 1 inimese kellele pakun s\u00fcndmuse ajal ka mini numeroloogiat nende tulevaks aastaks ja lisaks ka 1 inimese kes saab v\u00e4ikese Tarot kaardi lugemise seansi ajal.<\/strong><\/p>\n<p>Toode maksab soodushinnaga 26 eurot, mis annab numbriliselt kokku number 8 mis on j\u00e4rgmise aasta number ja toob k\u00fcllust meile k\u00f5igile. Toote tegelik hind koos k\u00f5ikide lisadega on 50 eurot. <strong>Kui sa ostad toote kuni 9nda jaanuarini kehtib sulle erihind 26 eurot.\u00a0<\/strong><\/p>\n<p>Toote Zoomi link tuleb emailiga koheselt peale s\u00fcndmust. Ja kui s\u00fcndmus on toimunud saad emailiga s\u00fcndmuse video ja mis iganes lisa boonused ma juurde lisan.<\/p>\n<p>Neid tehnikaid mida siinses m\u00e4ngutoas jagame saad kasutada ka igas muus loomises oma elus.<\/p>\n<p>S\u00fcndmus toimub Zoomis <strong>9ndal jaanuaril 2024 kell 20.00 algusega<\/strong> (ole kohal v\u00e4hemalt 5 minutit varem) ja kestab 1,5 tundi ja v\u00f5ib pikeneda kuni 2 tunnini kui satume voolavasse voogu mis vajab ekstra t\u00e4helepanu. K\u00f5ik kes on toote ostnud saavad ka s\u00fcndmuse lindistuse koopia.<\/p>\n<p>Imelise kohtumiseni ja Uue Aasta Disainimiseni,<\/p>\n<p>Crystal Ra<\/p>\n<p>&nbsp;<\/p>\n<span class=\"et_bloom_bottom_trigger\"><\/span>","protected":false},"excerpt":{"rendered":"<p>Kui sa ostad selle toote siis tuleb sulle enne s\u00fcndmust emailile Zoomi link\u00a0 ja peale s\u00fcndmust toote video link.<\/p>\n<p>Lisainfot saad crystalralaksmi@gmail.com aadressilt.<\/p>\n<p>&nbsp;<\/p>\n","protected":false},"featured_media":226830,"comment_status":"open","ping_status":"closed","template":"","meta":{"_acf_changed":false,"_et_pb_use_builder":"","_et_pb_old_content":"","_et_gb_content_width":""},"product_cat":[1352],"product_tag":[],"class_list":{"0":"post-226829","1":"product","2":"type-product","3":"status-publish","4":"has-post-thumbnail","6":"product_cat-montonio","8":"first","9":"instock","10":"shipping-taxable","11":"purchasable","12":"product-type-simple"},"acf":[],"_links":{"self":[{"href":"https:\/\/crystalralaksmi.com\/eesti\/wp-json\/wp\/v2\/product\/226829","targetHints":{"allow":["GET"]}}],"collection":[{"href":"https:\/\/crystalralaksmi.com\/eesti\/wp-json\/wp\/v2\/product"}],"about":[{"href":"https:\/\/crystalralaksmi.com\/eesti\/wp-json\/wp\/v2\/types\/product"}],"replies":[{"embeddable":true,"href":"https:\/\/crystalralaksmi.com\/eesti\/wp-json\/wp\/v2\/comments?post=226829"}],"wp:featuredmedia":[{"embeddable":true,"href":"https:\/\/crystalralaksmi.com\/eesti\/wp-json\/wp\/v2\/media\/226830"}],"wp:attachment":[{"href":"https:\/\/crystalralaksmi.com\/eesti\/wp-json\/wp\/v2\/media?parent=226829"}],"wp:term":[{"taxonomy":"product_cat","embeddable":true,"href":"https:\/\/crystalralaksmi.com\/eesti\/wp-json\/wp\/v2\/product_cat?post=226829"},{"taxonomy":"product_tag","embeddable":true,"href":"https:\/\/crystalralaksmi.com\/eesti\/wp-json\/wp\/v2\/product_tag?post=226829"}],"curies":[{"name":"wp","href":"https:\/\/api.w.org\/{rel}","templated":true}]}}