{"id":226857,"date":"2024-01-14T04:20:37","date_gmt":"2024-01-14T02:20:37","guid":{"rendered":"https:\/\/crystalralaksmi.com\/eesti\/?post_type=product&#038;p=226857"},"modified":"2025-01-01T23:07:55","modified_gmt":"2025-01-01T21:07:55","slug":"kypse-naise-oitsemise-saladused","status":"publish","type":"product","link":"https:\/\/crystalralaksmi.com\/eesti\/product\/kypse-naise-oitsemise-saladused\/","title":{"rendered":"K\u00fcpse Naise \u00f5itsemise saladused &#8211; Kersti Amira Dennis"},"content":{"rendered":"<p class=\"p1\"><b>K\u00fcpse naise \u00f5itsemise saladused<\/b><\/p>\n<p class=\"p3\">Antud toode on videolindistus minu Crystal Ra Elustiili Klubi kohtumiselt Kersti Amiraga, kes on tantsija, treener kui ka meedik ja heaolun\u00f5ustaja!<\/p>\n<p class=\"p3\">Elustiili Klubi sai loodud algselt peamiselt neile kes on l\u00e4binud minu k\u00e4e all WILDFIT 90 programmi.<span class=\"Apple-converted-space\">\u00a0<\/span><\/p>\n<p class=\"p3\">Elustiili Klubi on kogukondlik kohtumispaik kus koos edasi kasvame. Aastal 2024 saab sellest minu podcasti \u00fcks lisa v\u00f5imalus &#8211; aga v\u00e4ikese tasu eest. See transiit on t\u00f6\u00f6s.<span class=\"Apple-converted-space\">\u00a0<\/span><\/p>\n<p class=\"p3\">Kes soovivad kogukonnaga liituda v\u00f5iksid olla huvitatud holistilisest, k\u00fclluslikust ja teadlikust elustiili loomisest. Kuus korra kutsun m\u00f5ne p\u00f5neva k\u00fclalise, kes meid inspireerib v\u00f5i motiveerib ning keda intervjueerin.<span class=\"Apple-converted-space\">\u00a0<\/span><\/p>\n<p class=\"p3\">M\u00f5nikord v\u00f5in ka ise oma lugusid ja teadmisi jagada. Praeguseks on klubi toiminud \u00fcle kahe aasta.<span class=\"Apple-converted-space\">\u00a0<\/span><\/p>\n<p class=\"p3\">Oleme v\u00e4ga palju \u00f5ppinud ja palju avardunud. See on alati p\u00f5nev teha seda koos kui kogukond.<\/p>\n<p class=\"p3\">Suvel 2022 tegime ka Eestis rabamatka pikniku ja ka suveretriidi, mis osutusid v\u00e4ga p\u00f5nevateks seiklusteks meile k\u00f5igile. Kogu grupp on kokku kasvanud nagu perekond.<\/p>\n<p class=\"p3\">Temaga tegin ma lausa 2 podcasti episoodi (Episood #1 saad vaadata<a href=\"https:\/\/www.youtube.com\/watch?v=5MSIwzafIFI\"> siit: <\/a>ja episood #2 saad vaadata <a href=\"https:\/\/www.youtube.com\/watch?v=AJSJziYAaz4\">siit:)<\/a> ja peale seda kohtusin temaga ka Eestis kui 2022 aastal j\u00e4in COVIDI. Tema ja Helen Lasna toel sain sellest kiiresti v\u00e4lja. See oli lausa hirmutav kogemus kui haigeks v\u00f5is nii l\u00fchikese ajaga j\u00e4\u00e4da.<\/p>\n<p class=\"p3\"><strong>Amira elas ja t\u00f6\u00f6tas Las Vegases 21 aastat, on rahvusvaheliselt tuntud ja tunnustatud idamaa tantsude juhendaja, kes on esinenud ja \u00f5petanud 5 kontinendil \u00fcle kogu maailma. Meister\u00f5petaja tiitliga p\u00e4rjatud Amira missioon on maailma naiste elu rikastada julgustades neid enesekindluse ning iseseisvuse poole l\u00e4bi tantsu ja julge enesev\u00e4ljenduse.<\/strong><\/p>\n<p class=\"p3\"><strong>Amira \u201cK\u00f5hutantsu ABC\u201d DVD kuulub interneti megapoodide m\u00fc\u00fcgiedetabeli tippu ning kuulub 5-t\u00e4rniga hinnatud \u00f5petamismaterjale hulka oma zhanris.<\/strong><\/p>\n<p class=\"p3\"><strong>Samuti on Amira diplomeeritud med.\u00f5de, USA funktsionaalmeditsiini meedik ja toitumisn\u00f5ustaja, detox spetsialist ja sertifitseeritud holistilise tervise koolitaja.<\/strong><\/p>\n<p class=\"p3\"><b>Sellel s\u00fcndmusel (2 tundi ja 6 minutit) k\u00e4ime l\u00e4bi antud teemad:<\/b><\/p>\n<h3><strong>Meie t\u00e4nasel kohtumisel k\u00e4isime l\u00e4bi j\u00e4rgnevad teemad: <\/strong><\/h3>\n<p><strong>* Kersti Amira motivatsioon tervisliku elustiili taga. * Millal v\u00f5iks m\u00f5telda puhastumistele? * Mida tuleks kindlasti t\u00e4hele panna paastumise puhul? * Kes peaksid paastumisega olema ettevaatlikud? * Mis lisa tooteid soovitab Kersti Amira puhastuse protsessis kasutada? * Kuidas avalduvad suhkrus\u00f5ltuvusest ja kohvi s\u00f5ltuvusest puhastumise f\u00fc\u00fcsilised v\u00e4ljundid? * Mis stiili toituja on Kersti Amira? * Millal kindlasti ei oleks hea paastumist teha? * Mis kohtasid soovitab Kersti Amira Eestis kus puhastust l\u00e4bi viia? * Kollageeni olulisus? * Mis on menopaus ja kuidas v\u00f5iksime selleks ette valmistuda ja seda protsessi toetada? * Milliseid taimseid eeterlikke \u00f5lisid selles protsessis kasutada? * Mis vahe on kroonoloogilisel ja bioloogilisel vanusel? * Mis elustiili ja elukvaliteedi me valime oma elu l\u00f5pupoole? Kas ja kuidas seda protsessi toetada? * Miks on seks naistele oluline? <\/strong><strong>* Mis on selle korra kodune \u00fclesanne? <\/strong><\/p>\n<p class=\"p3\">Ostes selle toote &#8211; saad ligip\u00e4\u00e4su s\u00fcndmuse lindistuse videole. Kuna toode on tasuline siis palun seda tasuta mitte edasi jagada.<\/p>\n<p>Kui soovid seda kellegi teisega jagada siis jaga selle toote linki<a href=\"https:\/\/crystalralaksmi.com\/eesti\/product\/kypse-naise-oitsemise-saladused\/\"> siin:\u00a0<\/a><\/p>\n<p><strong>Tootele lisandub ka v\u00e4ike kingitus Amiralt: &#8221; 6 eeterlikku \u00f5li mis v\u00f5ivad su elu muuta ja tervist hoida&#8221;.<\/strong><\/p>\n<p>Kui sul on soovi liituda minu Elustiili Klubiga siis on selle video vaatamine v\u00f5imalik v\u00e4ike maitseproov ja ka hea tunnetus kas see oleks midagi sulle. Grupil on ka oma FB grupp kus on palju lisa materjale ja arhiiv. Kui viibin Eestis korraldan ka f\u00fc\u00fcsilisi kokkusaamisi klubilistega. Kui toimuvad muud s\u00fcndmused v\u00f5ivad klubi liikmed saada soodustusi ja allahindlust.<\/p>\n<p class=\"p3\">Alohaga,<\/p>\n<p class=\"p3\">Crystal Ra<span class=\"Apple-converted-space\">\u00a0<\/span><\/p>\n<span class=\"et_bloom_bottom_trigger\"><\/span>","protected":false},"excerpt":{"rendered":"<p>Kui sa ostad selle toote siis tuleb sulle toote info link emailile.<\/p>\n<p>Lisainfot saad crystalralaksmi@gmail.com aadressilt.<\/p>\n<p>&nbsp;<\/p>\n","protected":false},"featured_media":226858,"comment_status":"open","ping_status":"closed","template":"","meta":{"_acf_changed":false,"_et_pb_use_builder":"","_et_pb_old_content":"","_et_gb_content_width":""},"product_cat":[1352],"product_tag":[],"class_list":{"0":"post-226857","1":"product","2":"type-product","3":"status-publish","4":"has-post-thumbnail","6":"product_cat-montonio","8":"first","9":"instock","10":"shipping-taxable","11":"purchasable","12":"product-type-simple"},"acf":[],"_links":{"self":[{"href":"https:\/\/crystalralaksmi.com\/eesti\/wp-json\/wp\/v2\/product\/226857","targetHints":{"allow":["GET"]}}],"collection":[{"href":"https:\/\/crystalralaksmi.com\/eesti\/wp-json\/wp\/v2\/product"}],"about":[{"href":"https:\/\/crystalralaksmi.com\/eesti\/wp-json\/wp\/v2\/types\/product"}],"replies":[{"embeddable":true,"href":"https:\/\/crystalralaksmi.com\/eesti\/wp-json\/wp\/v2\/comments?post=226857"}],"wp:featuredmedia":[{"embeddable":true,"href":"https:\/\/crystalralaksmi.com\/eesti\/wp-json\/wp\/v2\/media\/226858"}],"wp:attachment":[{"href":"https:\/\/crystalralaksmi.com\/eesti\/wp-json\/wp\/v2\/media?parent=226857"}],"wp:term":[{"taxonomy":"product_cat","embeddable":true,"href":"https:\/\/crystalralaksmi.com\/eesti\/wp-json\/wp\/v2\/product_cat?post=226857"},{"taxonomy":"product_tag","embeddable":true,"href":"https:\/\/crystalralaksmi.com\/eesti\/wp-json\/wp\/v2\/product_tag?post=226857"}],"curies":[{"name":"wp","href":"https:\/\/api.w.org\/{rel}","templated":true}]}}