{"id":226893,"date":"2024-08-30T16:36:47","date_gmt":"2024-08-30T13:36:47","guid":{"rendered":"https:\/\/crystalralaksmi.com\/eesti\/?post_type=product&#038;p=226893"},"modified":"2024-09-14T00:09:35","modified_gmt":"2024-09-13T21:09:35","slug":"kvantum-sugavpuhastus-eripakkumine","status":"publish","type":"product","link":"https:\/\/crystalralaksmi.com\/eesti\/product\/kvantum-sugavpuhastus-eripakkumine\/","title":{"rendered":"Kvantum S\u00fcgavpuhastus Eripakkumine &#8211; peale Crystal Ra-ga konsulteerimist"},"content":{"rendered":"<div class=\"xdj266r x11i5rnm xat24cr x1mh8g0r x1vvkbs\"><strong>Kvantum S\u00fcgavpuhastus<\/strong><\/div>\n<div class=\"x11i5rnm xat24cr x1mh8g0r x1vvkbs xtlvy1s\">Sellel s\u00fcgisel pakun teistsugust s\u00fcgavpuhastuse versiooni. Siin on \u00fclevaade mida see k\u00f5ik v\u00f5ib sisaldada. Vajadusel saab seda ka iga osalejaga personaalselt kohandada. Siis on vaja kohandada ka hinda. Seega kui antud programmi \u00fclevaade mida siin jagan &#8211; sind ei rahulda v\u00f5ta kohe \u00fchendust et v\u00e4lja selgitada mida sina t\u00e4psemalt vajad.<\/div>\n<div><\/div>\n<div class=\"x11i5rnm xat24cr x1mh8g0r x1vvkbs xtlvy1s\">Antud Kvantum S\u00fcgavpuhastus on h\u00fcbriid versioon. Selline s\u00fcgavpuhastus, kus on sees nii inviduaalsed kohtumised kui ka grupi kohtumised.\u00a0 Programm kestab 2 kuud ja selles sisaldub 2 personaalset online kohtumist ja 2 grupi coachingu kohtumist.<\/div>\n<div><\/div>\n<div><strong>Individuaalsed kohtumised<\/strong><\/div>\n<div><\/div>\n<div class=\"x11i5rnm xat24cr x1mh8g0r x1vvkbs xtlvy1s\">Algus kahe individuaalse kohtumisega ka juba v\u00f5imalusel septembris aga seda v\u00f5ib ka vajadusel nihutada. Individuaalsed kohtumised on 1 tund pikad ja neid toimub 2 korda. Iga osaleja v\u00f5ib nende ajalise asetuse ise valida. Kas \u00fcks k\u00f5ige alguses ja \u00fcks k\u00f5ige l\u00f5pus v\u00f5i vahepeal. Kui peaks tekkima personaalsete lisak\u00f5nede vajadus, saab need lisatasu eest lisada.<\/div>\n<div><\/div>\n<div class=\"x11i5rnm xat24cr x1mh8g0r x1vvkbs xtlvy1s\"><strong>Grupi kohtumised oktoobris. <\/strong><\/div>\n<div><\/div>\n<div class=\"x11i5rnm xat24cr x1mh8g0r x1vvkbs xtlvy1s\">Grupi kohtumisi teeme 2. Kohtumiste pikkus on ca 1,5 tundi ja Eesti \u00f5htustel aegadel. Kohtumistel v\u00f5ime teha \u201ckuuma tooli\u201d stiili &#8211; kus osaleja(d) kellel(del) on k\u00f5ige rohkem katsumusi, saab(vad) olla fookuses ja saame teha grupicoachingu versiooni. Lisaks v\u00f5in ka kokku koguda grupi temaatika teemad ja ka need l\u00e4bi k\u00e4ia. K\u00fcsimuste ja vastuste osa on alati k\u00f5ige l\u00f5pus. K\u00f5ik seansid lindistatakse ja iga osaleja saab ka video koopiad.<\/div>\n<div><\/div>\n<div class=\"x11i5rnm xat24cr x1mh8g0r x1vvkbs xtlvy1s\">Grupi seansid j\u00e4\u00e4vad ka Crystal Ra programmide arhiivi ja on tulevikus saadaval ka teistele huvilistele. Personaalsete seansside videod j\u00e4\u00e4vad vaid osalejate enda arhiivi.<\/div>\n<div><\/div>\n<div class=\"x11i5rnm xat24cr x1mh8g0r x1vvkbs xtlvy1s\">Grupile teen ka eraldi FB messengeri (kui meid liitub v\u00e4hemalt 5 siis teen ka eraldi FB grupi).<\/div>\n<div><\/div>\n<div class=\"x11i5rnm xat24cr x1mh8g0r x1vvkbs xtlvy1s\">Messengeris annan ka vahepealseid lisaimpulsse kui vaja ja soovitusi ning saame jagada oma kogemusi ja katsumusi.<\/div>\n<div><\/div>\n<div class=\"x11i5rnm xat24cr x1mh8g0r x1vvkbs xtlvy1s\"><strong>V\u00f5imalikud fookuspunktid nii grupile kui ka individuaalselt:<\/strong><\/div>\n<div class=\"x11i5rnm xat24cr x1mh8g0r x1vvkbs xtlvy1s\"><strong>&#8211; Mis asi on \u201cKvantum S\u00fcgavpuhastus\u201d?<\/strong><br class=\"html-br\" \/><strong>&#8211; Miks on vaja regulaarselt keha, meelt ja vaimu puhastuda?<\/strong><br class=\"html-br\" \/><strong>&#8211; Keha regulaarse aluselisuse hoidmise saladused ja nipid<\/strong><br class=\"html-br\" \/><strong>&#8211; Mis on bioh\u00e4kkimine ja millest alustada?<\/strong><br class=\"html-br\" \/><strong>&#8211; Kuidas muuta hooajaline toitumine kergeks uueks harjumuseks nii et sellega pole vaja enam pidevalt maadelda? (Eriti soovitatav neile kes on l\u00e4binud WILDFIT 90 programmi ja pidevalt igavesse \u201cs\u00fcgisesse\u201d libisevad)<\/strong><br class=\"html-br\" \/><strong>&#8211; Mida oleks vaja teada veel candida kohta ja miks on see nii ohtlik?<\/strong><br class=\"html-br\" \/><strong>&#8211; Menopausi eelsed teemad naistel ja kuidas neid toiduga ja muul moel toetada?<\/strong><br class=\"html-br\" \/><strong>&#8211; <\/strong><strong>Kas ja kuidas ennast ise tervslikku idenditeeti ja elustiili h\u00fcpnotiseerida?<\/strong><br class=\"html-br\" \/><strong>&#8211; Millest tekib \u00fcles\u00f6\u00f6mine ja magusa \u00fcles\u00f6\u00f6mine?<\/strong><br class=\"html-br\" \/><strong>&#8211; Millest tekib salaja s\u00f6\u00f6mine?<\/strong><br class=\"html-br\" \/><strong>&#8211; Millest tekib emotsionaalne s\u00f6\u00f6mine?<\/strong><br class=\"html-br\" \/><strong>&#8211; Kuidas s\u00f6\u00f6misprobleemidele l\u00e4heneda ja neile kiiresti lahendus leida?<\/strong><br class=\"html-br\" \/><strong>&#8211; Mis uskumused ja energeetilised mustrid meid veel vanades takistustes ja keha ning toiduga mustrites kinni hoiavad ja kuidas neist vabaneda?<\/strong><br class=\"html-br\" \/><strong>&#8211; Kuidas m\u00f5jutab toitumine meie raha ja k\u00fclluse olukorda?<\/strong><br class=\"html-br\" \/><strong>&#8211; K\u00fclluse Ratta seos su s\u00fcgavpuhastusega ja kuidas su K\u00fclluse Ratas saab sind toetada su s\u00fcgavpuhastusel?<\/strong><br class=\"html-br\" \/><strong>&#8211; Mis on sinu personaalsed mustrid, mis vajavad individuaalset lahti harutamist ja mis seos on neil su toitumise ja kehakaaluga?<\/strong><br class=\"html-br\" \/><strong>&#8211; Kvantumtehnikad puhastumiseks ja ka k\u00fclluse loomiseks<\/strong><br class=\"html-br\" \/><strong>&#8211; Soovituslikud erinevad puhastusprogrammid mida iga\u00fcks antud aja jooksul saab lisaks l\u00e4bida et holistilist kvantumpuhastust veelgi s\u00fcvendada:<\/strong><br class=\"html-br\" \/><strong>&#8211; a) Wildfiti s\u00fcgav kevad v\u00f5i pehme kevad (1-8 n\u00e4dalat)<\/strong><br class=\"html-br\" \/><strong>&#8211; b) Koralliklubi parasiitide puhastus (30 p\u00e4eva) (pead ise juurde ostma)<\/strong><br class=\"html-br\" \/><strong>&#8211; c) Koralliklubi Colo Vada programm 14 p\u00e4eva (pead ise juurde ostma)<\/strong><br class=\"html-br\" \/><strong>&#8211; d) 7-p\u00e4evane mahla puhastus mis aitab keha rasva %-ga tegeleda (annan juhiste pdfi)<\/strong><br class=\"html-br\" \/><strong>&#8211; e) Zencleansi neeru v\u00f5i maksa puhastus (pead ise juurde ostma)<\/strong><br class=\"html-br\" \/><strong>&#8211; f) Ise valitud 3-14 p\u00e4eva kas vee, kookosvee v\u00f5i rohelise smuuti puhastus (v\u00f5iks olla kinnitatud sinu perearsti poolt et sul pole vastun\u00e4idustusi)<\/strong><br class=\"html-br\" \/><strong>&#8211; Vaatame \u00fcle ka tervise peamist 5 sammu ja mida on seal vaja peenh\u00e4\u00e4lestada<\/strong><br class=\"html-br\" \/><strong>&#8211; Uue Aja Energiate t\u00f6\u00f6 ja tugi sinu Keha-Vaimu-Meele s\u00fcgavpuhastusel ja muud teemad mis \u00fclesse kerkivad<\/strong><\/div>\n<div><\/div>\n<div class=\"x11i5rnm xat24cr x1mh8g0r x1vvkbs xtlvy1s\"><a href=\"https:\/\/crystalralaksmi.com\/eesti\/wp-content\/uploads\/2024\/08\/Healy-World-Picture-Healy-Lifestyle-01.jpg\"><img loading=\"lazy\" decoding=\"async\" class=\"alignnone size-medium wp-image-226886\" src=\"https:\/\/crystalralaksmi.com\/eesti\/wp-content\/uploads\/2024\/08\/Healy-World-Picture-Healy-Lifestyle-01-300x158.jpg\" alt=\"\" width=\"300\" height=\"158\" \/><\/a><\/div>\n<div><\/div>\n<div class=\"x11i5rnm xat24cr x1mh8g0r x1vvkbs xtlvy1s\"><strong>Lisan ka seanssidele kvantum tehnoloogia Healy<\/strong> &#8211; mis aitab kogu su keha, meele ja vaimu \u00fcle ja l\u00e4bi riisuda moel mida inimenergiad ei suudaks. Riisumise tulemusena v\u00f5ivad pinnale tulla teemad, mis on kuskil olnud pikas magavas seisundis ja teemad mis on vajanud puhastust aga pole saanud selleks v\u00f5imalust.<\/div>\n<div><\/div>\n<div class=\"x11i5rnm xat24cr x1mh8g0r x1vvkbs xtlvy1s\"><strong>See on t\u00f5eline s\u00fcgavpuhastus, mille tulemusena saad puhtamalt ja v\u00e4ekamalt edasi minna kuna oled saanud puhastada \u00e4ra nii kehalised, vaimsed kui ka mentaalsed ja meele takistused. Mis iganes see sinu j\u00e4rgmine tasand on &#8211; kas suhete, tervise, seksuaalsuse v\u00f5i elu missiooni v\u00f5i k\u00fclluse tasanditel. Me vaatame ka kas ja kuidas su K\u00fclluse Ratas kogu protsessi m\u00f5jutab ja ka toetab.<\/strong><\/div>\n<div class=\"x11i5rnm xat24cr x1mh8g0r x1vvkbs xtlvy1s\">***<br class=\"html-br\" \/>Kui sa soovid osaleda &#8211; anna oma huvist teada hiljemalt 1.septembriks (aga v\u00f5tan huvilisi veel vastu hiljemalt kuni 7nda septembrini 2024). 2sest septembrist panen paika individuaalsete k\u00f5nede graafikud. Grupik\u00f5nede ajad tulevad \u00fclesse kiiremas korras.<br class=\"html-br\" \/>Programm sisaldab kahte personaalselt tunnist online k\u00f5ne minuga ja kahet grupik\u00f5ne, mille pikkus on 1,5 tundi. Kokku sisaldab programm 5 tundi otsest t\u00f6\u00f6d minuga ja lisandub suhtlemine grupi chatis v\u00f5i grupis.<\/div>\n<div><\/div>\n<div class=\"x11i5rnm xat24cr x1mh8g0r x1vvkbs xtlvy1s\">Selle programmi maksumus on 400 eurot neile, kes ei ole minu Elustiili Klubi liikmed.<\/div>\n<div><\/div>\n<div class=\"x11i5rnm xat24cr x1mh8g0r x1vvkbs xtlvy1s\">Antud pakkumine on erihinnaga pakkumine. \u00c4ra osta seda enne kui sa pole konsulteerinud minuga personaalselt. Ait\u00e4h!<\/div>\n<div><\/div>\n<div class=\"x11i5rnm xat24cr x1mh8g0r x1vvkbs xtlvy1s\">Anna huvist m\u00e4rku crystalralaksmi@gmail.com<\/div>\n<p class=\"p1\">\n<span class=\"et_bloom_bottom_trigger\"><\/span>","protected":false},"excerpt":{"rendered":"<p>Programm koosneb kahest tunnisest personaalsest k\u00f5nest ja kahest grupik\u00f5nest pikkusega 1,5 tundi &#8211; k\u00f5ik 2 kuu jooksul. Lisaks ka vahepealne tugi online teel ja ka grupichatis osalemine.<\/p>\n<p>Kui ostad toote saad ligip\u00e4\u00e4su grupi k\u00f5nede zoomile. Erak\u00f5ne zoomi lingid saadan igale osalejale vahetult enne k\u00f5ne<\/p>\n<p>Imelise kohtumiseni,<\/p>\n<p>Crystal Ra<\/p>\n","protected":false},"featured_media":226885,"comment_status":"open","ping_status":"closed","template":"","meta":{"_acf_changed":false,"_et_pb_use_builder":"","_et_pb_old_content":"","_et_gb_content_width":""},"product_cat":[1352],"product_tag":[],"class_list":{"0":"post-226893","1":"product","2":"type-product","3":"status-publish","4":"has-post-thumbnail","6":"product_cat-montonio","8":"first","9":"instock","10":"virtual","11":"purchasable","12":"product-type-simple"},"acf":[],"_links":{"self":[{"href":"https:\/\/crystalralaksmi.com\/eesti\/wp-json\/wp\/v2\/product\/226893","targetHints":{"allow":["GET"]}}],"collection":[{"href":"https:\/\/crystalralaksmi.com\/eesti\/wp-json\/wp\/v2\/product"}],"about":[{"href":"https:\/\/crystalralaksmi.com\/eesti\/wp-json\/wp\/v2\/types\/product"}],"replies":[{"embeddable":true,"href":"https:\/\/crystalralaksmi.com\/eesti\/wp-json\/wp\/v2\/comments?post=226893"}],"wp:featuredmedia":[{"embeddable":true,"href":"https:\/\/crystalralaksmi.com\/eesti\/wp-json\/wp\/v2\/media\/226885"}],"wp:attachment":[{"href":"https:\/\/crystalralaksmi.com\/eesti\/wp-json\/wp\/v2\/media?parent=226893"}],"wp:term":[{"taxonomy":"product_cat","embeddable":true,"href":"https:\/\/crystalralaksmi.com\/eesti\/wp-json\/wp\/v2\/product_cat?post=226893"},{"taxonomy":"product_tag","embeddable":true,"href":"https:\/\/crystalralaksmi.com\/eesti\/wp-json\/wp\/v2\/product_tag?post=226893"}],"curies":[{"name":"wp","href":"https:\/\/api.w.org\/{rel}","templated":true}]}}