{"id":226953,"date":"2024-10-17T04:42:42","date_gmt":"2024-10-17T01:42:42","guid":{"rendered":"https:\/\/crystalralaksmi.com\/eesti\/?post_type=product&#038;p=226953"},"modified":"2025-01-01T23:07:55","modified_gmt":"2025-01-01T21:07:55","slug":"kvantumsuhte-taaskaivitaja","status":"publish","type":"product","link":"https:\/\/crystalralaksmi.com\/eesti\/product\/kvantumsuhte-taaskaivitaja\/","title":{"rendered":"Kvantumsuhte Taask\u00e4ivitaja"},"content":{"rendered":"<p>Aloha!<\/p>\n<p>Sul on v\u00f5imalus osa saada regulaarsetest Kvantum Alkeemia seeriast.<\/p>\n<p>Sedakorda sukeldume su \u00fchte baasvajaduse teemasse kas suhetes v\u00f5i t\u00f6\u00f6alaselt.<\/p>\n<p>Saad vastuse neile k\u00fcsimustele:<\/p>\n<p>&#8211; Kuidas l\u00f5petada suhetes kikivarvul k\u00f5ndimine?<\/p>\n<p>&#8211; Mis seos on sellel oma lapsep\u00f5lve vajadustega?<\/p>\n<p>&#8211; Mis on \u00fclisaavutajatest naiste seos oma isaga?<\/p>\n<p>&#8211; Mismoodi algab endast \u00e4ra lahutamine<\/p>\n<p>&#8211; Miks on tunne et keha on t\u00fchi, v\u00e4rve ja emotsioone pole?<\/p>\n<p>&#8211; Mis on kiireim moodus ennast v\u00e4lja l\u00fclitada?<\/p>\n<p>&#8211; Mis on Uue Energia erip\u00e4ra ja mis on tema eesm\u00e4rk?<\/p>\n<p>&#8211; Miks on r\u00f5\u00f5m nii oluline?<\/p>\n<p>&#8211; Mis seos on elu missioonil ja karakteril?<\/p>\n<p>&#8211; Kogemused sellest kui su elu missioon oli aktiveeritud v\u00f5i siis karakteri v\u00e4ljend on t\u00f6\u00f6s? Kuidas saab see muutuda p\u00e4\u00e4ster\u00f5ngaks?<\/p>\n<p>J\u00e4rgneb juhendatud r\u00e4nnak kus saad kohtuda oma p\u00f5hivajaduse teema kas suhetes v\u00f5i t\u00f6\u00f6ga seonduvalt. Korjame \u00fclesse lapsep\u00f5lve p\u00f5hivajaduse pildi, mis juhendab meid kvantumriisumises s\u00fcgavamale.<\/p>\n<p>Vaatame \u00fcle peamised p\u00f5hivajadused:<\/p>\n<p>&#8211; F\u00fc\u00fcsiline heaolu &#8211; Turvalisus &#8211; Armastus &#8211; Kuulumine &#8211; Enesekindlus ja enesev\u00e4\u00e4rikus &#8211; Enese realiseerimine<\/p>\n<p>P\u00f5hivajadused: toit, vesi, riided, katus, uni<\/p>\n<p>R\u00e4nnaku ajal on sul v\u00f5imalik kohtuda oma teemaga kui olendiga. Saada temalt infot ja suunamisi. Leida \u00fclesse mis on uskumused mis on selle teemaga seotud ja sind tagasi hoidnud. Teeme l\u00e4bi kvantum s\u00fcgavpuhastuse protsessimise kaasates protsessi muskli testi. Vaatame su tuleviku pilti ja ankurdame selle uue programmi koos uute uskumustega su alateadvusesse.<\/p>\n<p>Peale sellist s\u00fcgavat t\u00f6\u00f6d &#8211; hakkab su v\u00e4line reaalsus koheselt reageerima ja muutuma. Garanteeritud.<\/p>\n<p>Kui sa soovid s\u00fcgavamale sukelduda, anna teada. Sul on v\u00f5imalus liituda erinevate programmidega nii nagu ka erinevate 1-1 versiooni coachimisega.<\/p>\n<p><strong>Siin on lisainfo: <\/strong><\/p>\n<p>FB ja Instagram: #coachcrystalra,<\/p>\n<p>Web: Crystalralaksmi.com\/eesti<\/p>\n<p>Email: inneralchemydesign@gmail.com<\/p>\n<p>Imelist toimetamist, Crystal Ra Alohaga<\/p>\n<p>&nbsp;<\/p>\n<p>&nbsp;<\/p>\n<span class=\"et_bloom_bottom_trigger\"><\/span>","protected":false},"excerpt":{"rendered":"<p>Kui sa ostad selle toote siis saad emaili toote lingiga.<\/p>\n<p>Lisainfot saad\u00a0 inneralchemydesign@gmail.com aadressilt.<\/p>\n<p>&nbsp;<\/p>\n","protected":false},"featured_media":226954,"comment_status":"open","ping_status":"closed","template":"","meta":{"_acf_changed":false,"_et_pb_use_builder":"","_et_pb_old_content":"","_et_gb_content_width":""},"product_cat":[1352],"product_tag":[],"class_list":{"0":"post-226953","1":"product","2":"type-product","3":"status-publish","4":"has-post-thumbnail","6":"product_cat-montonio","8":"first","9":"instock","10":"shipping-taxable","11":"purchasable","12":"product-type-simple"},"acf":[],"_links":{"self":[{"href":"https:\/\/crystalralaksmi.com\/eesti\/wp-json\/wp\/v2\/product\/226953","targetHints":{"allow":["GET"]}}],"collection":[{"href":"https:\/\/crystalralaksmi.com\/eesti\/wp-json\/wp\/v2\/product"}],"about":[{"href":"https:\/\/crystalralaksmi.com\/eesti\/wp-json\/wp\/v2\/types\/product"}],"replies":[{"embeddable":true,"href":"https:\/\/crystalralaksmi.com\/eesti\/wp-json\/wp\/v2\/comments?post=226953"}],"wp:featuredmedia":[{"embeddable":true,"href":"https:\/\/crystalralaksmi.com\/eesti\/wp-json\/wp\/v2\/media\/226954"}],"wp:attachment":[{"href":"https:\/\/crystalralaksmi.com\/eesti\/wp-json\/wp\/v2\/media?parent=226953"}],"wp:term":[{"taxonomy":"product_cat","embeddable":true,"href":"https:\/\/crystalralaksmi.com\/eesti\/wp-json\/wp\/v2\/product_cat?post=226953"},{"taxonomy":"product_tag","embeddable":true,"href":"https:\/\/crystalralaksmi.com\/eesti\/wp-json\/wp\/v2\/product_tag?post=226953"}],"curies":[{"name":"wp","href":"https:\/\/api.w.org\/{rel}","templated":true}]}}