{"id":226974,"date":"2024-11-11T04:21:32","date_gmt":"2024-11-11T02:21:32","guid":{"rendered":"https:\/\/crystalralaksmi.com\/eesti\/?post_type=product&#038;p=226974"},"modified":"2025-01-01T23:07:55","modified_gmt":"2025-01-01T21:07:55","slug":"11-11-portaali-aktiveerimine","status":"publish","type":"product","link":"https:\/\/crystalralaksmi.com\/eesti\/product\/11-11-portaali-aktiveerimine\/","title":{"rendered":"11.11 Portaali Aktiveerimine Kvantum Energiatega &#8211; Sinu Unikaalsus, Mees ja Naisenergiad, Kolmainsus"},"content":{"rendered":"<p>Aloha!<\/p>\n<p>Sul on v\u00f5imalus osa saada regulaarsetest Kvantum Alkeemia seeriast.<\/p>\n<p>Sedakorda sukeldume 11.11 portaali aktiveerimisse Kvantumenergiate toel.<\/p>\n<p>Saad inspiratsiooni:<\/p>\n<ul>\n<li><strong>Miks on 11.11 portaal nii v\u00f5imas j\u00e4rgnevaks 10ks aastaks?<\/strong><\/li>\n<li><strong>Mis seos on P\u00e4ikese ja Kuu energiatel 11-11 portaaliga?<\/strong><\/li>\n<li><strong>Mismoodi aktiveerib Teemant Energia ja Kvantumenergia 11-11 portaali meie kehades?<\/strong><\/li>\n<li><strong>Mis on Kolmainsus ja kuidas seda kergelt tervendada ja aktiveerida?<\/strong><\/li>\n<li><strong>Muud otse kanaldused mis energiad koos kohalolijatega kohale toovad.<\/strong><\/li>\n<\/ul>\n<p>S\u00fcndumuse hind on 22 eurot\u00a0 baas hinnana\u00a0 mille saad kui paned selle toote ostukorvi siinsel lehel ja tasud selle eest koheselt ja kui sul on v\u00f5imalus ja soov maksta rohkem, saad teha eraldi kande siia: <strong>O\u00fc New Flow EE552200221039028272<\/strong> kirjeldusse 11-11 portaali avamine. Saada oma maksekoopia crystalralaksmi@gmail.com aadressile v\u00e4hemalt 15 minutit enne s\u00fcndmuse algust.<\/p>\n<p>***<\/p>\n<p>Peale sellist s\u00fcgavat t\u00f6\u00f6d &#8211; hakkab su v\u00e4line reaalsus koheselt reageerima ja muutuma. Garanteeritud.<\/p>\n<p>Kui sa soovid s\u00fcgavamale sukelduda, anna teada. Sul on v\u00f5imalus liituda erinevate programmidega nii nagu ka erinevate 1-1 versiooni coachimisega.<\/p>\n<p><strong>Siin on lisainfo: <\/strong><\/p>\n<p>FB ja Instagram: #coachcrystalra,<\/p>\n<p>Web: Crystalralaksmi.com\/eesti<\/p>\n<p>Email: inneralchemydesign@gmail.com<\/p>\n<p>Imelist toimetamist, Crystal Ra Alohaga<\/p>\n<p>&nbsp;<\/p>\n<p>&nbsp;<\/p>\n<span class=\"et_bloom_bottom_trigger\"><\/span>","protected":false},"excerpt":{"rendered":"<p>Kui sa ostad selle toote siis saad emaili toote lingiga.<\/p>\n<p>Lisainfot saad\u00a0 crystalralaksmi@gmail.com aadressilt.<\/p>\n<p>&nbsp;<\/p>\n","protected":false},"featured_media":226975,"comment_status":"open","ping_status":"closed","template":"","meta":{"_acf_changed":false,"_et_pb_use_builder":"","_et_pb_old_content":"","_et_gb_content_width":""},"product_cat":[1352],"product_tag":[],"class_list":{"0":"post-226974","1":"product","2":"type-product","3":"status-publish","4":"has-post-thumbnail","6":"product_cat-montonio","8":"first","9":"instock","10":"shipping-taxable","11":"purchasable","12":"product-type-simple"},"acf":[],"_links":{"self":[{"href":"https:\/\/crystalralaksmi.com\/eesti\/wp-json\/wp\/v2\/product\/226974","targetHints":{"allow":["GET"]}}],"collection":[{"href":"https:\/\/crystalralaksmi.com\/eesti\/wp-json\/wp\/v2\/product"}],"about":[{"href":"https:\/\/crystalralaksmi.com\/eesti\/wp-json\/wp\/v2\/types\/product"}],"replies":[{"embeddable":true,"href":"https:\/\/crystalralaksmi.com\/eesti\/wp-json\/wp\/v2\/comments?post=226974"}],"wp:featuredmedia":[{"embeddable":true,"href":"https:\/\/crystalralaksmi.com\/eesti\/wp-json\/wp\/v2\/media\/226975"}],"wp:attachment":[{"href":"https:\/\/crystalralaksmi.com\/eesti\/wp-json\/wp\/v2\/media?parent=226974"}],"wp:term":[{"taxonomy":"product_cat","embeddable":true,"href":"https:\/\/crystalralaksmi.com\/eesti\/wp-json\/wp\/v2\/product_cat?post=226974"},{"taxonomy":"product_tag","embeddable":true,"href":"https:\/\/crystalralaksmi.com\/eesti\/wp-json\/wp\/v2\/product_tag?post=226974"}],"curies":[{"name":"wp","href":"https:\/\/api.w.org\/{rel}","templated":true}]}}