{"id":226996,"date":"2025-01-09T06:43:58","date_gmt":"2025-01-09T04:43:58","guid":{"rendered":"https:\/\/crystalralaksmi.com\/eesti\/?post_type=product&#038;p=226996"},"modified":"2025-01-09T07:30:22","modified_gmt":"2025-01-09T05:30:22","slug":"2025-maoaastakvanthaalestus","status":"publish","type":"product","link":"https:\/\/crystalralaksmi.com\/eesti\/product\/2025-maoaastakvanthaalestus\/","title":{"rendered":"2025 KVANTUM ALKEEMIA PORTAAL: Mao Aasta Superv\u00e4e Kvanth\u00e4\u00e4lestus!"},"content":{"rendered":"<p>Aloha!<\/p>\n<p><strong>Holistiline s\u00fcvavaade uude aastasse 15ndal jaanuaril kell 20 &#8211; 22 Eesti aeg!<\/strong><\/p>\n<p><strong>Eriline online s\u00fcndmus, mis avab Sinu Sisemise Alkeemiku v\u00e4ravad!<\/strong><\/p>\n<p>Sukeldume koos m\u00fcstilisse 2025. aastasse, kus Mao tarkus kohtub kvantv\u00e4lja v\u00f5imalustega. See pole tavaline aastahoroskoop \u2013 see on Sinu isiklik kvantumh\u00e4\u00e4lestus uueks aastaks!<\/p>\n<p>Mida avastame:<\/p>\n<p><span class=\"x1xsqp64 xiy17q3 x1o6pynw x19co3pv xdj266r xcwd3tp xat24cr x39eecv x2b8uid\" data-testid=\"emoji\"><span class=\"xexx8yu xn5pp95 x18d9i69 x2fxd7x x3jgonx x1bhl96m\">\ud83d\udd2e<\/span><\/span> 2025 NUMEROLOOGILINE KOOD<\/p>\n<p>Kuidas 2+0+2+5=9 energia aktiveerib Sinu elus l\u00f5petamise ja uute alguste ts\u00fckli<br \/>\nIsiklike aastaarvude t\u00e4hendus ja nende rakendamine<br \/>\nKuidas h\u00e4\u00e4lestada oma sagedus aasta maagilise vibratsiooniga<\/p>\n<p><span class=\"x1xsqp64 xiy17q3 x1o6pynw x19co3pv xdj266r xcwd3tp xat24cr x39eecv x2b8uid\" data-testid=\"emoji\"><span class=\"xexx8yu xn5pp95 x18d9i69 x2fxd7x x3jgonx x1bhl96m\">\ud83d\udc0d<\/span><\/span> MAO AASTA SALADUSED<\/p>\n<p>Hiina astroloogia s\u00fcgavam t\u00f5lgendus<br \/>\nKuidas kasutada Mao kavalust ja tarkust oma eesm\u00e4rkide saavutamiseks<br \/>\nSpetsiaalsed rituaalid \u00f5nne aktiveerimiseks<\/p>\n<p><span class=\"x1xsqp64 xiy17q3 x1o6pynw x19co3pv xdj266r xcwd3tp xat24cr x39eecv x2b8uid\" data-testid=\"emoji\"><span class=\"xexx8yu xn5pp95 x18d9i69 x2fxd7x x3jgonx x1bhl96m\">\ud83c\udf0a<\/span><\/span> ELEMENTIDE TANTS<\/p>\n<p>Vee, Tule, Maa, Metalli ja Puu elemendi m\u00f5ju Sinu elule sellel aastal<br \/>\nKuidas tasakaalustada elemente oma kasuks<br \/>\nElementide aktiveerimise praktilised t\u00f6\u00f6riistad<\/p>\n<p><span class=\"x1xsqp64 xiy17q3 x1o6pynw x19co3pv xdj266r xcwd3tp xat24cr x39eecv x2b8uid\" data-testid=\"emoji\"><span class=\"xexx8yu xn5pp95 x18d9i69 x2fxd7x x3jgonx x1bhl96m\">\ud83d\udcab<\/span><\/span> K\u00dcLLUSE RATTA AKTIVATSIOON<\/p>\n<p>Spetsiaalne K\u00fclluse Ratta h\u00e4\u00e4lestus 2025. aastaks<br \/>\nBlokkide vabastamine ja k\u00fclluse kanalite avamine<br \/>\nPraktiline juhend igakuiseks k\u00fclluse v\u00f5imendamiseks<\/p>\n<p><span class=\"x1xsqp64 xiy17q3 x1o6pynw x19co3pv xdj266r xcwd3tp xat24cr x39eecv x2b8uid\" data-testid=\"emoji\"><span class=\"xexx8yu xn5pp95 x18d9i69 x2fxd7x x3jgonx x1bhl96m\">\ud83d\udc8e<\/span><\/span> KRISTALLIDE V\u00c4GI<\/p>\n<p>2025. aasta v\u00f5tmekristallid<br \/>\nKuidas luua isiklik kristallide v\u00f5rgustik<br \/>\nKristallide programmeerimine Sinu eesm\u00e4rkidega<\/p>\n<p>BOONUSED:<\/p>\n<p>Personaalne kvantv\u00e4lja h\u00e4\u00e4lestus Healy aparaadiga kogu grupile<\/p>\n<p>&#8211; aasta mantra aktiveerimine<br \/>\n&#8211; PDF juhend aasta v\u00f5tmeperioodidest<br \/>\n&#8211; V\u00f5imalus tellida personaalne numeroloogiline v\u00f5i Tarot lugemine soodushinnaga<\/p>\n<p>ERILINE PAKKUMINE: Tavahind: 47\u20ac Varajase registreeruja hind: 27\u20ac (kuni 15. jaanuarini)<\/p>\n<p>&#8220;See pole lihtsalt veel \u00fcks veebinar \u2013 see on kvantumv\u00e4lja sukeldumise kogemus, mis h\u00e4\u00e4lestab Sind terveks aastaks!&#8221; &#8211; Crystal Ra<\/p>\n<p>S\u00fcndmus toimub: 15.jaanuaril kell 20 &#8211; 22<\/p>\n<p>Kestus: 2+ tundi t\u00e4is transformeerivat energiat!<\/p>\n<p><span class=\"x1xsqp64 xiy17q3 x1o6pynw x19co3pv xdj266r xcwd3tp xat24cr x39eecv x2b8uid\" data-testid=\"emoji\"><span class=\"xexx8yu xn5pp95 x18d9i69 x2fxd7x x3jgonx x1bhl96m\">\u26a1<\/span><\/span> REGISTREERU KOHE! Liitu meiega sellel p\u00f5neval teekonnal l\u00e4bi 2025. aasta portaali!<\/p>\n<p>PS! K\u00f5ik osalejad saavad salvestuse, mida saab terve aasta jooksul uuesti vaadata energia v\u00e4rskendamiseks.<\/p>\n<p>Kujuta ette et oled 2025 aasta l\u00f5pus ja v\u00f5ibolla esmakordselt oma elus vaatad sellele aastale uhkusega tagasi kuna oled saavutanud, loonud ja disaininud palju k\u00f5ike seda mida sa disainisid iseenda tingimustel? Mis tundeid see tekitaks?<\/p>\n<p>Toode maksab soodushinnaga 27 eurot, mis annab numbriliselt kokku number 9 mis on selle aasta number ja toob k\u00fcllust meile k\u00f5igile. Toote tegelik hind koos k\u00f5ikide lisadega on 47 eurot.<\/p>\n<p>Toote Zoomi link tuleb emailiga koheselt peale toote ostu antud postituse lingina jagatud e-poes. Ja kui s\u00fcndmus on toimunud, saad emailiga s\u00fcndmuse video ja mis iganes lisa boonused.<\/p>\n<p><a class=\"x1fey0fg xmper1u x1edh9d7\" href=\"https:\/\/crystalralaksmi.com\/eesti\/product\/2025-maoaastakvanthaalestus\/\">https:\/\/crystalralaksmi.com\/eesti\/product\/2025-maoaastakvanthaalestus\/<\/a><\/p>\n<p>Neid tehnikaid mida siinses m\u00e4ngutoas jagame saad kasutada ka igas muus loomises oma elus.<\/p>\n<p>S\u00fcndmus algab kell 20, (aga ole kohal v\u00e4hemalt 5 minutit varem) ja kestab 2 tundi ja kui satume voolavasse voogu mis vajab ekstra t\u00e4helepanu v\u00f5ime natuke veel lisaks voolata.<\/p>\n<p>Vajuta ka JOIN FB s\u00fcndmuse nupule siin kui oled kindlasti tulemas:<br \/>\n<a class=\"x1fey0fg xmper1u x1edh9d7\" href=\"https:\/\/www.facebook.com\/events\/1788648861933438\">https:\/\/www.facebook.com\/events\/1788648861933438<\/a><\/p>\n<p>Imelise kohtumiseni ja Uue Aasta Kvanth\u00e4\u00e4lestuseni<\/p>\n<p>Crystal Ra,<\/p>\n<p>Alohaga<\/p>\n<p>#kvantumalkeemia, #2025kvanth\u00e4\u00e4lestus,<\/p>\n<span class=\"et_bloom_bottom_trigger\"><\/span>","protected":false},"excerpt":{"rendered":"<p>Kui sa ostad selle toote siis tuleb sulle enne s\u00fcndmust emailile Zoomi link\u00a0 ja peale s\u00fcndmust toote video link.<\/p>\n<p>Lisainfot saad crystalralaksmi@gmail.com aadressilt.<\/p>\n<p>&nbsp;<\/p>\n","protected":false},"featured_media":226998,"comment_status":"open","ping_status":"closed","template":"","meta":{"_acf_changed":false,"_et_pb_use_builder":"","_et_pb_old_content":"","_et_gb_content_width":""},"product_cat":[1352],"product_tag":[],"class_list":{"0":"post-226996","1":"product","2":"type-product","3":"status-publish","4":"has-post-thumbnail","6":"product_cat-montonio","8":"first","9":"instock","10":"sale","11":"shipping-taxable","12":"purchasable","13":"product-type-simple"},"acf":[],"_links":{"self":[{"href":"https:\/\/crystalralaksmi.com\/eesti\/wp-json\/wp\/v2\/product\/226996","targetHints":{"allow":["GET"]}}],"collection":[{"href":"https:\/\/crystalralaksmi.com\/eesti\/wp-json\/wp\/v2\/product"}],"about":[{"href":"https:\/\/crystalralaksmi.com\/eesti\/wp-json\/wp\/v2\/types\/product"}],"replies":[{"embeddable":true,"href":"https:\/\/crystalralaksmi.com\/eesti\/wp-json\/wp\/v2\/comments?post=226996"}],"wp:featuredmedia":[{"embeddable":true,"href":"https:\/\/crystalralaksmi.com\/eesti\/wp-json\/wp\/v2\/media\/226998"}],"wp:attachment":[{"href":"https:\/\/crystalralaksmi.com\/eesti\/wp-json\/wp\/v2\/media?parent=226996"}],"wp:term":[{"taxonomy":"product_cat","embeddable":true,"href":"https:\/\/crystalralaksmi.com\/eesti\/wp-json\/wp\/v2\/product_cat?post=226996"},{"taxonomy":"product_tag","embeddable":true,"href":"https:\/\/crystalralaksmi.com\/eesti\/wp-json\/wp\/v2\/product_tag?post=226996"}],"curies":[{"name":"wp","href":"https:\/\/api.w.org\/{rel}","templated":true}]}}